{"id":2515,"date":"2015-12-09T20:17:56","date_gmt":"2015-12-09T19:17:56","guid":{"rendered":"http:\/\/klimat.amu.edu.pl\/?page_id=2515"},"modified":"2021-01-29T20:40:52","modified_gmt":"2021-01-29T19:40:52","slug":"pracownicy","status":"publish","type":"page","link":"https:\/\/klimat.amu.edu.pl\/?page_id=2515","title":{"rendered":"Pracownicy"},"content":{"rendered":"<div class=\"entry\">\n<p><a href=\"https:\/\/klimat.web.amu.edu.pl\/wp-content\/uploads\/2015\/12\/IMG_7673.jpg\"><img loading=\"lazy\" decoding=\"async\" class=\"size-medium wp-image-3213\" src=\"https:\/\/klimat.web.amu.edu.pl\/wp-content\/uploads\/2015\/12\/IMG_7673-300x200.jpg\" alt=\"\" width=\"600\" height=\"400\" srcset=\"https:\/\/klimat.amu.edu.pl\/wp-content\/uploads\/2015\/12\/IMG_7673-300x200.jpg 300w, https:\/\/klimat.amu.edu.pl\/wp-content\/uploads\/2015\/12\/IMG_7673-768x512.jpg 768w, https:\/\/klimat.amu.edu.pl\/wp-content\/uploads\/2015\/12\/IMG_7673-1024x683.jpg 1024w, https:\/\/klimat.amu.edu.pl\/wp-content\/uploads\/2015\/12\/IMG_7673.jpg 1500w\" sizes=\"auto, (max-width: 600px) 100vw, 600px\" \/><\/a><\/p>\n<p>&nbsp;<\/p>\n<p><a href=\"https:\/\/klimat.web.amu.edu.pl\/?page_id=2520\">prof. dr hab. Ewa Bednorz<\/a><\/p>\n<p><a href=\"https:\/\/klimat.web.amu.edu.pl\/?page_id=2518\">prof. dr hab. Leszek Kolendowicz<\/a><\/p>\n<p><a href=\"https:\/\/klimat.web.amu.edu.pl\/?page_id=3195\">prof. UAM dr hab. Arkadiusz Tomczyk<\/a><\/p>\n<p><a href=\"https:\/\/klimat.web.amu.edu.pl\/?page_id=2522\">dr Bartosz Czernecki<\/a><\/p>\n<p><a href=\"https:\/\/klimat.web.amu.edu.pl\/?page_id=2524\">dr Marek P\u00f3\u0142rolniczak<\/a><\/p>\n<p><a href=\"https:\/\/klimat.web.amu.edu.pl\/?page_id=2526\">dr Katarzyna Szyga-Pluta<\/a><\/p>\n<p><a href=\"https:\/\/klimat.web.amu.edu.pl\/?page_id=3201\">dr Mateusz Taszarek<\/a><\/p>\n<p><a href=\"https:\/\/klimat.web.amu.edu.pl\/?page_id=2528\">mgr Hanna Forycka-\u0141awniczak<\/a><\/p>\n<\/div>\n","protected":false},"excerpt":{"rendered":"<p>&nbsp; prof. dr hab. Ewa Bednorz prof. dr hab. Leszek Kolendowicz prof. UAM dr hab. Arkadiusz Tomczyk dr Bartosz Czernecki dr Marek P\u00f3\u0142rolniczak dr Katarzyna Szyga-Pluta dr Mateusz Taszarek mgr Hanna Forycka-\u0141awniczak<\/p>\n","protected":false},"author":1,"featured_media":0,"parent":0,"menu_order":0,"comment_status":"closed","ping_status":"closed","template":"","meta":{"footnotes":""},"class_list":["post-2515","page","type-page","status-publish"],"_links":{"self":[{"href":"https:\/\/klimat.amu.edu.pl\/index.php?rest_route=\/wp\/v2\/pages\/2515","targetHints":{"allow":["GET"]}}],"collection":[{"href":"https:\/\/klimat.amu.edu.pl\/index.php?rest_route=\/wp\/v2\/pages"}],"about":[{"href":"https:\/\/klimat.amu.edu.pl\/index.php?rest_route=\/wp\/v2\/types\/page"}],"author":[{"embeddable":true,"href":"https:\/\/klimat.amu.edu.pl\/index.php?rest_route=\/wp\/v2\/users\/1"}],"replies":[{"embeddable":true,"href":"https:\/\/klimat.amu.edu.pl\/index.php?rest_route=%2Fwp%2Fv2%2Fcomments&post=2515"}],"version-history":[{"count":9,"href":"https:\/\/klimat.amu.edu.pl\/index.php?rest_route=\/wp\/v2\/pages\/2515\/revisions"}],"predecessor-version":[{"id":3798,"href":"https:\/\/klimat.amu.edu.pl\/index.php?rest_route=\/wp\/v2\/pages\/2515\/revisions\/3798"}],"wp:attachment":[{"href":"https:\/\/klimat.amu.edu.pl\/index.php?rest_route=%2Fwp%2Fv2%2Fmedia&parent=2515"}],"curies":[{"name":"wp","href":"https:\/\/api.w.org\/{rel}","templated":true}]}}