{"id":3195,"date":"2017-10-02T20:49:08","date_gmt":"2017-10-02T18:49:08","guid":{"rendered":"http:\/\/klimat.amu.edu.pl\/?page_id=3195"},"modified":"2021-02-09T10:53:40","modified_gmt":"2021-02-09T09:53:40","slug":"dr-arkadiusz-tomczyk","status":"publish","type":"page","link":"https:\/\/klimat.amu.edu.pl\/?page_id=3195","title":{"rendered":"prof. UAM dr hab. Arkadiusz M. Tomczyk"},"content":{"rendered":"<div class=\"entry\">\n<ul>\n<li><strong>stanowisko:<\/strong> Profesor UAM<\/li>\n<li><strong>e-mail:<\/strong> atomczyk@amu.edu.pl<\/li>\n<li><strong>telefon:<\/strong> (61) 829 6266<\/li>\n<li><strong>pok\u00f3j:<\/strong> 353<\/li>\n<\/ul>\n<p>&nbsp;<\/p>\n<p><strong>Zainteresowania badawcze:<\/strong><\/p>\n<p>&#8211; wyst\u0119powanie fal upa\u0142\u00f3w i mroz\u00f3w w Europie oraz ich cyrkulacyjne uwarunkowania,<br \/>\n&#8211; okres wegetacyjny w Polsce i jego zmiany.<\/p>\n<p>&nbsp;<\/p>\n<p><strong>Wykszta\u0142cenie:<\/strong><\/p>\n<ul>\n<li>2016-2017 \u2013 Studia podyplomowe \u2013 geoinformacja na Wydziale Nauk Geograficznych i Geologicznych Uniwersytetu im. Adama Mickiewicza w Poznaniu<\/li>\n<li>2013-2017 \u2013 Studia doktoranckie na Wydziale Nauk Geograficznych i Geologicznych Uniwersytetu im. Adama Mickiewicza w Poznaniu. Praca doktorska: Wyst\u0119powanie fal upa\u0142\u00f3w w Europie oraz ich cyrkulacyjne i synoptyczne uwarunkowania; promotor prof. UAM dr hab. Ewa Bednorz i dr Marek P\u00f3\u0142rolniczak.<\/li>\n<li>2011-2013 \u2013 Studia magisterskie na kierunku geografia (specjalno\u015b\u0107 hydrologia, meteorologia i klimatologia) na Wydziale Nauk Geograficznych i Geologicznych Uniwersytetu im. Adama Mickiewicza w Poznaniu. Praca magisterska: Synoptyczne uwarunkowania wyst\u0119powania pokrywy \u015bnie\u017cnej w wybranych regionach Europy; promotor: prof. UAM dr hab. Ewa Bednorz.<\/li>\n<li>2011-2012 \u2013 Program MOST dla student\u00f3w na Wydziale Nauk o Ziemi i Kszta\u0142towania \u015arodowiska Uniwersytetu Wroc\u0142awskiego.<\/li>\n<li>2008-2011 \u2013 Studia licencjackie na kierunku geografia na Wydziale Nauk Geograficznych i Geologicznych Uniwersytetu im. Adama Mickiewicza w Poznaniu.<\/li>\n<\/ul>\n<p>&nbsp;<\/p>\n<p><strong>Projekty badawcze<\/strong><\/p>\n<ul>\n<li>2017-2020 \u2013 Grant Narodowego Centrum Nauki (Sonatina) pt.: Znaczenie wyst\u0119powania zaburze\u0144 w g\u00f3rnej i \u015brodkowej troposferze dla prognozowania ekstremalnych warto\u015bci temperatury powietrza w \u015brodkowej Europie. Kierownik grantu.<\/li>\n<li>2015-2018 \u2013 Grant Narodowego Centrum Nauki (Preludium) pt.: Wyst\u0119powanie fal upa\u0142\u00f3w w Europie oraz ich cyrkulacyjne i synoptyczne uwarunkowania. Kierownik grantu.<\/li>\n<\/ul>\n<p>&nbsp;<\/p>\n<p><b>Sta\u017c naukowy<\/b><\/p>\n<ul>\n<li>Deutscher Wetterdienst, Zentrum f\u00fcr Medizin-Meteorologische Forschung Freiburg, opiekun sta\u017cu &#8211; prof. Andreas Matzarakis, 1.06.2019 \u2013 31.08.2019<\/li>\n<\/ul>\n<p>&nbsp;<\/p>\n<p><strong>Nagrody<\/strong><\/p>\n<ul>\n<li>Stypendium Ministra Nauki i Szkolnictwa Wy\u017cszego dla wybitnych m\u0142odych naukowc\u00f3w, 2019 r.<\/li>\n<\/ul>\n<ul>\n<li>Nagroda zespo\u0142owa III\u00b0 Rektora Uniwersytetu im. Adama Mickiewicza za dzia\u0142alno\u015b\u0107 organizacyjn\u0105, 2019 r.<\/li>\n<\/ul>\n<p>&nbsp;<\/p>\n<p><strong>Spis publikacji<\/strong><\/p>\n<p><em>Czasopisma z IF<\/em><\/p>\n<ol>\n<li>Tomczyk A.M., Bednorz E., 2014 &#8211; Heat and cold waves on the south coast of the Baltic Sea. Baltica 27 (1), 44-53.<\/li>\n<li>Tomczyk A.M., Bednorz E., 2014 &#8211; Warm waves in north-western Spitsbergen. Polish Polar Research 35 (3), 497-511.<\/li>\n<li>Tomczyk A.M., Szyga-Pluta K., Majkowska A., 2015 &#8211; Frost and frost-free periods in Poland and neighboring countries. Open Geosciences (formerly Central European Journal of Geosciences &#8211; CEJG) 7, 812-823.<\/li>\n<li>Tomczyk A.M., Bednorz E., 2016 &#8211; Heat waves in Central Europe and their circulation conditions. International Journal of Climatology 36 (2), 770-782.<\/li>\n<li>Tomczyk A.M., 2016 &#8211; Impact of atmospheric circulation on the occurrence of heat waves in southeastern Europe. Id\u0151j\u00e1r\u00e1s 120 (4), 395-414.<\/li>\n<li>Tomczyk A.M., Piotrowski P., Bednorz E., 2017 &#8211; Warm spells in Northern Europe in relation to atmospheric circulation. Theoretical and Applied Climatology 128 (3-4), 623-634.<\/li>\n<li>Tomczyk A.M., P\u00f3\u0142rolniczak M., Bednorz E., 2017 &#8211; Circulation Conditions\u2019 Effect on the Occurrence of Heat Waves in Western and Southwestern Europe. Atmosphere 8, 31. doi: 10.3390\/atmos8020031.<\/li>\n<li>Tomczyk A.M., 2017 &#8211; Atmospheric circulation during heat waves in Eastern Europe. Geografie 122 (2), 121-146.<\/li>\n<li>Tomczyk A.M., Sulikowska A., 2018 &#8211; Heat waves in lowland Germany and their circulation-related conditions. Meteorology and Atmospheric Physics 130 (5), 499\u2013515.<\/li>\n<li>Tomczyk A.M., 2018 &#8211; Hot weather in Potsdam in the years 1896\u20132015. Meteorology and Atmospheric Physics 130 (1), 1-10.<\/li>\n<li>P\u00f3\u0142rolniczak M., Tomczyk A.M., Kolendowicz L., 2018 &#8211; Thermal Conditions in the City of Pozna\u0144 (Poland) during Selected Heat Waves. Atmosphere 9, 11. doi:10.3390\/atmos9010011.<\/li>\n<li>Ptak M, Tomczyk A.M., Wrzesi\u0144ski D., 2018 &#8211; Effect of Teleconnection Patterns on Changes in Water Temperature in Polish Lakes. Atmosphere 9, 66. doi:10.3390\/atmos9020066.<\/li>\n<li>Graf R., Tomczyk A.M., 2018 \u2013 The Impact of Cumulative Negative Air Temperature Degree-Days on the Appearance of Ice Cover on a River in Relation to Atmospheric Circulation. Atmosphere 9 (6), 204.<\/li>\n<li>Tomczyk A.M., P\u00f3\u0142rolniczak M., Kolendowicz L., 2018 \u2013 Cold Waves in Pozna\u0144 (Poland) and Thermal Conditions in the City during Selected Cold Waves. Atmosphere 9 (6), 208.<\/li>\n<li>Bednorz E., Czernecki B., P\u00f3\u0142rolniczak M., Tomczyk A.M., 2018 \u2013 Atmospheric forcing of upwelling along the south-eastern Baltic coast. Baltica 31(1), 73\u201385.<\/li>\n<li>Tomczyk A.M., 2018 \u2013 Impact of Atmospheric Circulation on the Occurrence of Hot Nights in Central Europe. Atmosphere 9 (12), 474.<\/li>\n<li>Tomczyk A.M., Szyga-Pluta K., 2019 &#8211; Variability of thermal and precipitation conditions in the growing season in Poland in the years 1966\u20132015. Theoretical and Applied Climatology 135(3\u20134), 1517\u20131530.<\/li>\n<li>Tomczyk A.M., Szyga-Pluta K., Bednorz E., 2019 \u2013 The effect of macro-scale circulation types on the length of the growing season in Poland. Meteorology and Atmospheric Physics 131 (5), 1315\u20131325.<\/li>\n<li>Tomczyk A.M., Bednorz E., P\u00f3\u0142rolniczak M., Kolendowicz L., 2019 \u2013 Strong heat and cold waves in Poland in relation with the large-scale atmospheric circulation. Theoretical and Applied Climatology 137 (3\u20134), 1909\u20131923.<\/li>\n<li>Kolendowicz L., Czernecki B., P\u00f3\u0142rolniczak M., Taszarek M, Tomczyk A.M., Szyga-Pluta K., 2019 \u2013 Homogenization of air temperature and its long-term trends in Pozna\u0144 (Poland) for the period 1848\u20132016. Theoretical and Applied Climatology 136 (3-4), 1357\u20131370.<\/li>\n<li>Bednorz E., Czernecki B., Tomczyk A.M., P\u00f3\u0142rolniczak M., 2019 &#8211; If not NAO then what?\u2014regional circulation patterns governing summer air temperatures in Poland. Theoretical and Applied Climatology 136 (3-4), 1325\u20131337.<\/li>\n<li>Tomczyk A.M., Kendzierski S., Kugiejko M., Pilguj N., 2019 \u2013 Thermal conditions in the summer season on the Polish coast of the Baltic Sea in 1966 \u20132015. Id\u0151j\u00e1r\u00e1s 123 (1), 57\u201372.<\/li>\n<li>Tomczyk A.M., Bednorz E., P\u00f3\u0142rolniczak M., 2019 \u2013 The occurrence of heat waves in Europe and their circulation conditions. Geografie, 124 (1), 1\u201317.<\/li>\n<li>Bednorz E., P\u00f3\u0142rolniczak M., Czernecki B., Tomczyk A.M., 2019 \u2013 Atmospheric Forcing of Coastal Upwelling in the Southern Baltic Sea Basin. Atmosphere 10, 327.<\/li>\n<li>Tomczyk A.M., Bednorz E., Sulikowska A., 2019 \u2013 Cold spells in Poland and Germany and their circulation conditions. International Journal of Climatology 39 (10), 4002\u20134014.<\/li>\n<li>Tomczyk A.M., Bednorz E., 2019 \u2013 Heat waves in Central Europe and tropospheric anomalies of temperature and geopotential heights. International Journal of Climatology 39 (11), 4189\u20134205.<\/li>\n<li>Tomczyk A.M., Sulikowska A., Bednorz E., P\u00f3\u0142rolniczak M., 2019 \u2013 Atmospheric circulation conditions during winter warm spells in Central Europe. Natural Hazards 96 (3), 1413-1428.<\/li>\n<li>Szyga-Pluta K., Tomczyk A.M. 2019 \u2013 Anomalies in the length of the growing season in Poland in the period 1966\u20132015. Id\u0151j\u00e1r\u00e1s 123 (3), 391\u2013408.<\/li>\n<li>Bednorz E., Wrzesi\u0144ski D., Tomczyk A.M., Jasik D., 2019 &#8211; Classification of Synoptic Conditions of Summer Floods in Polish Sudeten Mountains. Water 11, 1450.<\/li>\n<li>Ptak M., Tomczyk A.M., Wrzesi\u0144ski D., Bednorz E., 2019 \u2013 Effect of teleconnection patterns on ice conditions in lakes in lowland Poland. Theoretical and Applied Climatology 138 (3\u20134), 961\u20131969.<\/li>\n<li>Tomczyk A.M., \u0141upikasza E., Kendzierski S., 2019 \u2013 Warm winter and cold summer spells in Spitsbergen and their circulation conditions. Polish Polar Research 40 (4), 311\u2013338.<\/li>\n<li>Tomczyk A.M., Bednorz E., 2020 \u2013 The extreme year\u2014analysis of thermal conditions in Poland in 2018. Theoretical and Applied Climatology 139 (1\u20132), 251\u2013260.<\/li>\n<li>Tomczyk A.M., Szyga-Pluta K., Bednorz E., 2020 \u2013 Occurrence and synoptic background of strong and very strong frost in spring and autumn in Central Europe. International Journal of Biometeorology 64(1), 59-70.<\/li>\n<li>Tomczyk A.M., Owczarek M., 2020 \u2013 Occurrence of strong and very strong heat stress in Poland and its circulation conditions. Theoretical and Applied Climatology 139 (3), 893-905.<\/li>\n<li>Tomczyk A.M., Bednorz E., Matzarakis A., 2020 \u2013 Human-biometeorological conditions during heat waves in Poland. International Journal of Climatology.<\/li>\n<\/ol>\n<p>&nbsp;<\/p>\n<p><em>Pozosta\u0142e czasopisma <\/em><\/p>\n<ol>\n<li>Tomczyk A.M., 2013 &#8211; Termiczne pory roku w stacji Svalbard Lufthavn. Badania Fizjograficzne, Seria A. Geografia Fizyczna, 64, 281-286.<\/li>\n<li>Tomczyk A.M., 2013 &#8211; Warunki termiczne i \u015bnie\u017cne zim w Suwa\u0142kach w latach 1990-2010. Badania Fizjograficzne, Seria A. Geografia Fizyczna, 64, 287-292.<\/li>\n<li>Tomczyk A.M., 2014 &#8211; Cyrkulacyjne uwarunkowania wyst\u0119powania fal upa\u0142\u00f3w w Poznaniu. Przegl\u0105d Geograficzny, 86 (1), 41-52.<\/li>\n<li>Tomczyk A.M., 2014 &#8211; Wp\u0142yw makroskalowych typ\u00f3w cyrkulacji na wyst\u0119powanie pokrywy \u015bnie\u017cnej w Europie. Acta Geographica Silesiana, 15, 65-69.<\/li>\n<li>Tomczyk A.M., Bednorz E., 2014 &#8211; Synoptyczne uwarunkowania intensywnych opad\u00f3w \u015bniegu w wybranych regionach Europy. Przegl\u0105d Geograficzny, 86 (3), 295-310.<\/li>\n<li>Tomczyk A.M., 2015 &#8211; Najd\u0142u\u017csza fala upa\u0142\u00f3w oraz fala mroz\u00f3w w Poznaniu na tle cyrkulacji atmosferycznej. Acta Geographica Silesiana, 19, 67-71.<\/li>\n<li>Tomczyk A.M., 2015 &#8211; Very warm nights in Polish coastal area of the Baltic Sea. Geographia Polonica, 88 (3), 493-502.<\/li>\n<li>Tomczyk A.M., 2015 &#8211; Impact of macro-scale circulation types on the occurrence of frosty days in Poland. Bulletin of Geography. Physical Geography Series, 9, 55-65.<\/li>\n<li>Tomczyk A.M., Szyga-Pluta K., 2016 \u2013 Okres wegetacyjny w Polsce w latach 1971-2010. Przegl\u0105d Geograficzny, 88 (1), 75-86.<\/li>\n<li>Tomczyk A.M., 2016 &#8211; Thermal conditions relative to atmospheric circulation in the Christmas period in Poland. Quaestiones Geographicae, 35(1), 51\u201360.<\/li>\n<li>Tomczyk A.M., Jasik D., 2016 \u2013 Warunki termiczne w Poczdamie w latach 1896\u20132015. Acta Geographica Silesiana, 23, 111-120.<\/li>\n<li>Tomczyk A.M., 2016 \u2013 Fale mroz\u00f3w w Poznaniu i ich cyrkulacyjne uwarunkowania. Badania Fizjograficzne, Seria A. Geografia Fizyczna, 67, 257-269.<\/li>\n<li>Tomczyk A.M., Szyga-Pluta K., 2017 \u2013 The period of intense vegetation and maturing of plants in north-western Poland. Badania Fizjograficzne, Seria A. Geografia Fizyczna, 68, 223-233.<\/li>\n<li>Tomczyk A.M., 2018 \u2013 Noce mro\u017ane w Poznaniu i ich cyrkulacyjne uwarunkowania. Badania Fizjograficzne, Seria A. Geografia Fizyczna, 69, 221-232.<\/li>\n<li>Tomczyk A.M., Szyga-Pluta K., 2018 \u2013 The period of intense vegetation in Poland in the years 1966\u20132015. Badania Fizjograficzne, Seria A. Geografia Fizyczna, 69, 233-242.<\/li>\n<\/ol>\n<p>&nbsp;<\/p>\n<p><em>Rozdzia\u0142y w monografiach<\/em><\/p>\n<ol>\n<li>Tomczyk A.M., 2014 &#8211; Wp\u0142yw sytuacji synoptycznych na przyrost pokrywy \u015bnie\u017cnej na wybranych stacjach w Europie. [w:] P. Kr\u0105\u017c (red.) Wsp\u00f3\u0142czesne problemy i kierunki badawcze w geografii, IGiGP UJ, Krak\u00f3w, 103-115.<\/li>\n<li>Tomczyk A.M., 2014 &#8211; Motywy wyboru klas geograficznych w wybranych szko\u0142ach ponadgimnazjalnych wojew\u00f3dztwa wielkopolskiego. [w:] E. Szkur\u0142at, A. G\u0142owacz (red.) Edukacja geograficzna na \u015bwiecie i w Polsce \u2013 wybrane problemy, \u0141\u00f3d\u017a, 221-230.<\/li>\n<li>Tomczyk A.M., 2014 &#8211; Frost waves in north-western Spitsbergen. [w:] Miga\u0142a K., Owczarek P., Kasprzak M., Strzelecki M.C. (red.) New perspectivesin polar research, Wroc\u0142aw, 247-256.<\/li>\n<li>Tomczyk A.M. 2015 &#8211; Przymrozki wiosenne i jesienne oraz okres bezprzymrozkowy na Nizinie Wielkopolskiej w latach 1981\u20132010. [w:] J. Liro, M. Liro, P. Kr\u0105\u017c (red.) Wsp\u00f3\u0142czesne problemy i kierunki badawcze w geografii, IGiGP UJ, Krak\u00f3w, 245-256.<\/li>\n<li>Tomczyk A.M., Jasik D., 2016 \u2013 Edukacja przyrodnicza w podr\u0119czniku Nasz Elementarz. [w] I. Piotrowska (red.) Nowe problemy i metody bada\u0144 procesu kszta\u0142cenia geograficznego, Pozna\u0144.<\/li>\n<li>Tomczyk A.M., 2016 &#8211; Du\u017ce zmiany temperatury powietrza z dnia na dzie\u0144 w Ny-\u00c5lesund i ich zwi\u0105zek z cyrkulacj\u0105 atmosferyczn\u0105. [w:] P. Franczak, K. Listwan-Franczak, J. Liro, M. Liro i P. Kr\u0105\u017c (red.) Wsp\u00f3\u0142czesne problemy i kierunki badawcze w geografii, IGiGP UJ, Krak\u00f3w.<\/li>\n<li>Bednorz E., Tomczyk A.M., 2019 &#8211; Najwa\u017cniejsze cechy klimatu Wielkopolski. [w:] Choi\u0144ski A. (red.) Wody Wielkopolski. Wydawnictwo naukowe UAM, Pozna\u0144, 69-92.<\/li>\n<li>Tomczyk A.M., 2019 &#8211; Fale upa\u0142\u00f3w w Polsce latem 2018 roku. [w:] Kolendowicz L., Bednorz E. Tomczyk A.M. (red.) Zmienno\u015b\u0107 klimatu Polski i Europy oraz jej cyrkulacyjne uwarunkowania. Bogucki Wydawnictwo Naukowe, Pozna\u0144, 223-232.<\/li>\n<li>Szyga-Pluta K., Tomczyk A.M., 2019 &#8211; Warunki pluwialne w okresie wegetacyjnym w Polsce [w:] Kolendowicz L., Bednorz E. Tomczyk A.M. (red.) Zmienno\u015b\u0107 klimatu Polski i Europy oraz jej cyrkulacyjne uwarunkowania. Bogucki Wydawnictwo Naukowe, Pozna\u0144, 191-201.<\/li>\n<li>Bednorz E., P\u00f3\u0142rolniczak M., Czernecki B., Hanna Forycka-\u0141awniczak, Tomczyk A.M., 2019 &#8211; Synoptyczne uwarunkowania wyst\u0119powania upwellingu przybrze\u017cnego w po\u0142udniowo-wschodniej cz\u0119\u015bci Morza Ba\u0142tyckiego [w:] Kolendowicz L., Bednorz E. Tomczyk A.M. (red.) Zmienno\u015b\u0107 klimatu Polski i Europy oraz jej cyrkulacyjne uwarunkowania. Bogucki Wydawnictwo Naukowe, Pozna\u0144, 15-30.<\/li>\n<\/ol>\n<\/div>\n","protected":false},"excerpt":{"rendered":"<p>stanowisko: Profesor UAM e-mail: atomczyk@amu.edu.pl telefon: (61) 829 6266 pok\u00f3j: 353 &nbsp; Zainteresowania badawcze: &#8211; wyst\u0119powanie fal upa\u0142\u00f3w i mroz\u00f3w w Europie oraz ich cyrkulacyjne uwarunkowania, &#8211; okres wegetacyjny w Polsce i jego zmiany. &nbsp; Wykszta\u0142cenie: 2016-2017 \u2013 Studia podyplomowe \u2013 geoinformacja na Wydziale Nauk Geograficznych i Geologicznych Uniwersytetu im. Adama Mickiewicza w Poznaniu 2013-2017 &#8230;<\/p>\n","protected":false},"author":1,"featured_media":0,"parent":2515,"menu_order":0,"comment_status":"closed","ping_status":"closed","template":"","meta":{"footnotes":""},"class_list":["post-3195","page","type-page","status-publish"],"_links":{"self":[{"href":"https:\/\/klimat.amu.edu.pl\/index.php?rest_route=\/wp\/v2\/pages\/3195","targetHints":{"allow":["GET"]}}],"collection":[{"href":"https:\/\/klimat.amu.edu.pl\/index.php?rest_route=\/wp\/v2\/pages"}],"about":[{"href":"https:\/\/klimat.amu.edu.pl\/index.php?rest_route=\/wp\/v2\/types\/page"}],"author":[{"embeddable":true,"href":"https:\/\/klimat.amu.edu.pl\/index.php?rest_route=\/wp\/v2\/users\/1"}],"replies":[{"embeddable":true,"href":"https:\/\/klimat.amu.edu.pl\/index.php?rest_route=%2Fwp%2Fv2%2Fcomments&post=3195"}],"version-history":[{"count":10,"href":"https:\/\/klimat.amu.edu.pl\/index.php?rest_route=\/wp\/v2\/pages\/3195\/revisions"}],"predecessor-version":[{"id":3809,"href":"https:\/\/klimat.amu.edu.pl\/index.php?rest_route=\/wp\/v2\/pages\/3195\/revisions\/3809"}],"up":[{"embeddable":true,"href":"https:\/\/klimat.amu.edu.pl\/index.php?rest_route=\/wp\/v2\/pages\/2515"}],"wp:attachment":[{"href":"https:\/\/klimat.amu.edu.pl\/index.php?rest_route=%2Fwp%2Fv2%2Fmedia&parent=3195"}],"curies":[{"name":"wp","href":"https:\/\/api.w.org\/{rel}","templated":true}]}}